{"id":1476,"date":"2025-05-23T14:25:58","date_gmt":"2025-05-23T12:25:58","guid":{"rendered":"https:\/\/jugendverein-herrieden.de\/?page_id=1476"},"modified":"2026-04-27T15:18:02","modified_gmt":"2026-04-27T13:18:02","slug":"1476-2","status":"publish","type":"page","link":"https:\/\/jugendverein-herrieden.de\/","title":{"rendered":"Homepage"},"content":{"rendered":"\n<div class=\"wp-block-columns alignfull is-layout-flex wp-container-core-columns-is-layout-28f84493 wp-block-columns-is-layout-flex\">\n<div class=\"wp-block-column is-vertically-aligned-stretch is-layout-flow wp-block-column-is-layout-flow\" style=\"border-style:none;border-width:0px;border-top-left-radius:0px;border-top-right-radius:0px;border-bottom-left-radius:0px;border-bottom-right-radius:0px;padding-top:0;padding-right:0;padding-bottom:0;padding-left:0;flex-basis:100%\">\n<div class=\"jvh-ticker-wrapper\">\n    <div class=\"ditty ditty--pre\" data-id=\"1845\" data-uniqid=\"ditty-6a02ea187a68d\"><\/div>\n<\/div>\n<\/div>\n<\/div>\n\n\n\n<div class=\"wp-block-group alignfull has-global-padding is-layout-constrained wp-block-group-is-layout-constrained\">\n<div class=\"wp-block-group alignfull has-contrast-background-color has-background is-horizontal is-content-justification-space-between is-layout-flex wp-container-core-group-is-layout-138ebe6e wp-block-group-is-layout-flex wp-container-4 is-position-sticky\" style=\"border-top-style:none;border-top-width:0px;border-right-style:none;border-right-width:0px;border-bottom-width:5px;border-left-style:none;border-left-width:0px;min-height:2px;padding-top:var(--wp--preset--spacing--10);padding-right:var(--wp--preset--spacing--20);padding-bottom:var(--wp--preset--spacing--10);padding-left:var(--wp--preset--spacing--20)\">\n<div class=\"wp-block-group is-horizontal is-content-justification-left is-nowrap is-layout-flex wp-container-core-group-is-layout-30e85407 wp-block-group-is-layout-flex\"><div class=\"is-style-rounded is-style-rounded--1 wp-block-site-logo\"><a href=\"https:\/\/jugendverein-herrieden.de\/\" class=\"custom-logo-link\" rel=\"home\"><img loading=\"lazy\" decoding=\"async\" width=\"78\" height=\"78\" src=\"https:\/\/jugendverein-herrieden.de\/wp-content\/uploads\/2026\/02\/cropped-cropped-logo.jpg\" class=\"custom-logo\" alt=\"&lt;strong&gt;&lt;br&gt;Jgendrein&lt;\/strong&gt;\" srcset=\"https:\/\/jugendverein-herrieden.de\/wp-content\/uploads\/2026\/02\/cropped-cropped-logo.jpg 200w, https:\/\/jugendverein-herrieden.de\/wp-content\/uploads\/2026\/02\/cropped-cropped-logo-150x150.jpg 150w\" sizes=\"auto, (max-width: 78px) 100vw, 78px\" \/><\/a><\/div>\n\n\n<p class=\"has-base-color has-text-color has-link-color has-body-font-family has-x-large-font-size wp-elements-220e81fd3c5577dd7daf92c56e12991c\" style=\"font-style:italic;font-weight:800;line-height:1.2\"><strong><a href=\"https:\/\/jugendverein-herrieden.de\/\" data-type=\"page\" data-id=\"1476\">Jugendverein<br>Herrieden<\/a><\/strong><\/p>\n<\/div>\n\n\n<nav style=\"font-size:clamp(15.197px, 0.95rem + ((1vw - 3.2px) * 0.813), 23px);font-style:italic;font-weight:800;\" class=\"has-text-color has-base-color is-responsive items-justified-right no-wrap wp-block-navigation has-body-font-family is-horizontal is-content-justification-right is-nowrap is-layout-flex wp-container-core-navigation-is-layout-f12c8eb6 wp-block-navigation-is-layout-flex\" aria-label=\"Navigation\" \n\t\t data-wp-interactive=\"core\/navigation\" data-wp-context='{\"overlayOpenedBy\":{\"click\":false,\"hover\":false,\"focus\":false},\"type\":\"overlay\",\"roleAttribute\":\"\",\"ariaLabel\":\"Men\\u00fc\"}'><button aria-haspopup=\"dialog\" aria-label=\"Men\u00fc \u00f6ffnen\" class=\"wp-block-navigation__responsive-container-open\" \n\t\t\t\tdata-wp-on--click=\"actions.openMenuOnClick\"\n\t\t\t\tdata-wp-on--keydown=\"actions.handleMenuKeydown\"\n\t\t\t><svg width=\"24\" height=\"24\" xmlns=\"http:\/\/www.w3.org\/2000\/svg\" viewBox=\"0 0 24 24\" aria-hidden=\"true\" focusable=\"false\"><path d=\"M4 7.5h16v1.5H4z\"><\/path><path d=\"M4 15h16v1.5H4z\"><\/path><\/svg><\/button>\n\t\t\t\t<div class=\"wp-block-navigation__responsive-container  has-text-color has-contrast-color has-background has-base-2-background-color\"  id=\"modal-3\" \n\t\t\t\tdata-wp-class--has-modal-open=\"state.isMenuOpen\"\n\t\t\t\tdata-wp-class--is-menu-open=\"state.isMenuOpen\"\n\t\t\t\tdata-wp-watch=\"callbacks.initMenu\"\n\t\t\t\tdata-wp-on--keydown=\"actions.handleMenuKeydown\"\n\t\t\t\tdata-wp-on--focusout=\"actions.handleMenuFocusout\"\n\t\t\t\ttabindex=\"-1\"\n\t\t\t>\n\t\t\t\t\t<div class=\"wp-block-navigation__responsive-close\" tabindex=\"-1\">\n\t\t\t\t\t\t<div class=\"wp-block-navigation__responsive-dialog\" \n\t\t\t\tdata-wp-bind--aria-modal=\"state.ariaModal\"\n\t\t\t\tdata-wp-bind--aria-label=\"state.ariaLabel\"\n\t\t\t\tdata-wp-bind--role=\"state.roleAttribute\"\n\t\t\t>\n\t\t\t\t\t\t\t<button aria-label=\"Men\u00fc schlie\u00dfen\" class=\"wp-block-navigation__responsive-container-close\" \n\t\t\t\tdata-wp-on--click=\"actions.closeMenuOnClick\"\n\t\t\t><svg xmlns=\"http:\/\/www.w3.org\/2000\/svg\" viewBox=\"0 0 24 24\" width=\"24\" height=\"24\" aria-hidden=\"true\" focusable=\"false\"><path d=\"m13.06 12 6.47-6.47-1.06-1.06L12 10.94 5.53 4.47 4.47 5.53 10.94 12l-6.47 6.47 1.06 1.06L12 13.06l6.47 6.47 1.06-1.06L13.06 12Z\"><\/path><\/svg><\/button>\n\t\t\t\t\t\t\t<div class=\"wp-block-navigation__responsive-container-content\" \n\t\t\t\tdata-wp-watch=\"callbacks.focusFirstElement\"\n\t\t\t id=\"modal-3-content\">\n\t\t\t\t\t\t\t\t<ul style=\"font-size:clamp(15.197px, 0.95rem + ((1vw - 3.2px) * 0.813), 23px);font-style:italic;font-weight:800;\" class=\"wp-block-navigation__container has-text-color has-base-color is-responsive items-justified-right no-wrap wp-block-navigation has-body-font-family\"><li style=\"font-size: clamp(15.197px, 0.95rem + ((1vw - 3.2px) * 0.813), 23px); font-style:italic;font-weight:800;\" class=\" wp-block-navigation-item wp-block-navigation-link\"><a class=\"wp-block-navigation-item__content\"  href=\"https:\/\/jugendverein-herrieden.de\/?page_id=1619\"><span class=\"wp-block-navigation-item__label\">FLASHBACK.<\/span><\/a><\/li><li style=\"font-size: clamp(15.197px, 0.95rem + ((1vw - 3.2px) * 0.813), 23px); font-style:italic;font-weight:800;\" class=\" wp-block-navigation-item wp-block-navigation-link\"><a class=\"wp-block-navigation-item__content\"  href=\"https:\/\/jugendverein-herrieden.de\/?post_type=tribe_events\"><span class=\"wp-block-navigation-item__label\">EVENTS.<\/span><\/a><\/li><li style=\"font-size: clamp(15.197px, 0.95rem + ((1vw - 3.2px) * 0.813), 23px); font-style:italic;font-weight:800;\" class=\" wp-block-navigation-item is-style-default wp-block-navigation-link\"><a class=\"wp-block-navigation-item__content\"  href=\"https:\/\/jugendverein-herrieden.de\/?page_id=1615\"><span class=\"wp-block-navigation-item__label\">NEWS.<\/span><\/a><\/li><li style=\"font-size: clamp(15.197px, 0.95rem + ((1vw - 3.2px) * 0.813), 23px);\" class=\"wp-block-navigation-item nav-button is-style-default wp-block-navigation-link wp-container-content-9cfa9a5a\"><a class=\"wp-block-navigation-item__content\"  href=\"https:\/\/jugendverein-herrieden.de\/?page_id=136\"><span class=\"wp-block-navigation-item__label\">Mitglied werden.<\/span><\/a><\/li><\/ul>\n\t\t\t\t\t\t\t<\/div>\n\t\t\t\t\t\t<\/div>\n\t\t\t\t\t<\/div>\n\t\t\t\t<\/div><\/nav><\/div>\n<\/div>\n\n\n\n<div class=\"wp-block-columns alignfull is-layout-flex wp-container-core-columns-is-layout-28f84493 wp-block-columns-is-layout-flex\" style=\"border-style:none;border-width:0px\">\n<div class=\"wp-block-column has-contrast-color has-base-background-color has-text-color has-background has-link-color has-body-font-family has-xx-large-font-size wp-elements-2485b4d2dc9f2188217c5657da25a9a1 is-layout-flow wp-container-core-column-is-layout-8a368f38 wp-block-column-is-layout-flow\" style=\"border-top-color:var(--wp--preset--color--contrast-2);border-top-width:5px;border-right-color:var(--wp--preset--color--contrast-2);border-right-width:5px;border-bottom-style:none;border-bottom-width:0px;border-left-color:var(--wp--preset--color--contrast-2);border-left-width:5px;line-height:1.3;flex-basis:60%\">\n<div class=\"wp-block-group is-nowrap is-layout-flex wp-container-core-group-is-layout-6c531013 wp-block-group-is-layout-flex\" style=\"font-style:normal;font-weight:1000;line-height:2.1\">\n<p style=\"font-size:clamp(3.35rem, 3.35rem + ((1vw - 0.2rem) * 5.75), 6.8rem);line-height:1.2\">STARK<br><em><strong>F\u00dcR<br>DIE<\/strong><\/em><br><em><strong>JUGEND.<\/strong><\/em><\/p>\n<\/div>\n\n\n\n<p class=\"has-body-font-family\" style=\"border-style:none;border-width:0px;padding-right:var(--wp--preset--spacing--10);padding-left:var(--wp--preset--spacing--10);font-size:clamp(18.959px, 1.185rem + ((1vw - 3.2px) * 1.15), 30px);font-style:normal;font-weight:700\"><br>Wir sind der Storch in der Stadt.<\/p>\n\n\n\n<p class=\"has-body-font-family\" style=\"border-style:none;border-width:0px;padding-right:var(--wp--preset--spacing--10);padding-left:var(--wp--preset--spacing--10);font-size:clamp(18.959px, 1.185rem + ((1vw - 3.2px) * 1.15), 30px);font-style:normal;font-weight:700\">Modern, laut<br>und bereit f\u00fcr neue Ideen in Herrieden.<\/p>\n\n\n\n<div class=\"wp-block-buttons is-content-justification-center is-nowrap is-layout-flex wp-container-core-buttons-is-layout-06f6a4fa wp-block-buttons-is-layout-flex\" style=\"padding-top:var(--wp--preset--spacing--40);padding-bottom:var(--wp--preset--spacing--40)\">\n<div class=\"wp-block-button has-custom-width wp-block-button__width-50 jvh-btn-hero\"><a class=\"wp-block-button__link has-contrast-3-color has-base-2-background-color has-text-color has-background has-link-color has-large-font-size has-custom-font-size wp-element-button\" href=\"https:\/\/jugendverein-herrieden.de\/?page_id=136\" style=\"border-style:none;border-width:0px;border-top-left-radius:0px;border-top-right-radius:0px;border-bottom-left-radius:0px;border-bottom-right-radius:0px;padding-top:var(--wp--preset--spacing--20);padding-bottom:var(--wp--preset--spacing--20);box-shadow:var(--wp--preset--shadow--crisp)\">MITGLIED WERDEN<\/a><\/div>\n<\/div>\n<\/div>\n\n\n\n<div class=\"wp-block-column jvh-hero-image-col is-layout-flow wp-block-column-is-layout-flow\" style=\"border-top-color:var(--wp--preset--color--contrast-2);border-top-width:5px;border-right-color:var(--wp--preset--color--contrast-2);border-right-width:5px;border-bottom-style:none;border-bottom-width:0px;border-left-style:none;border-left-width:0px;flex-basis:40%\">\n<figure class=\"wp-block-image aligncenter size-full wp-duotone-unset-5\"><img loading=\"lazy\" decoding=\"async\" width=\"768\" height=\"1024\" src=\"https:\/\/jugendverein-herrieden.de\/wp-content\/uploads\/2024\/02\/FIFA-Turnier.jpg\" alt=\"\" class=\"wp-image-845\" style=\"aspect-ratio:0.7500031216832116;object-fit:cover\" srcset=\"https:\/\/jugendverein-herrieden.de\/wp-content\/uploads\/2024\/02\/FIFA-Turnier.jpg 768w, https:\/\/jugendverein-herrieden.de\/wp-content\/uploads\/2024\/02\/FIFA-Turnier-225x300.jpg 225w\" sizes=\"auto, (max-width: 768px) 100vw, 768px\" \/><\/figure>\n<\/div>\n<\/div>\n\n\n\n<div class=\"wp-block-columns alignfull is-layout-flex wp-container-core-columns-is-layout-ec2e7a44 wp-block-columns-is-layout-flex\" style=\"padding-top:0;padding-bottom:0\">\n<div class=\"wp-block-column jvh-grid-box has-contrast-3-background-color has-background is-layout-flow wp-block-column-is-layout-flow\" style=\"border-top-color:var(--wp--preset--color--contrast-2);border-top-width:5px;border-right-color:var(--wp--preset--color--contrast-2);border-bottom-color:var(--wp--preset--color--contrast-2);border-bottom-width:5px;border-left-color:var(--wp--preset--color--contrast-2);border-left-width:5px\">\n<div class=\"wp-block-group has-global-padding is-layout-constrained wp-block-group-is-layout-constrained\" style=\"border-style:none;border-width:0px\">\n<div class=\"wp-block-outermost-icon-block\"><a class=\"icon-container has-icon-color has-base-2-color\" href=\"https:\/\/jugendverein-herrieden.de\/?page_id=1615\" style=\"color:#e66b27;width:48px;padding-top:var(--wp--preset--spacing--10);padding-right:0;padding-bottom:var(--wp--preset--spacing--10);padding-left:0;transform:rotate(0deg) scaleX(1) scaleY(1)\"><svg xmlns=\"http:\/\/www.w3.org\/2000\/svg\" viewBox=\"0 0 24 24\" aria-hidden=\"true\"><path fill-rule=\"evenodd\" d=\"M6.863 13.644L5 13.25h-.5a.5.5 0 01-.5-.5v-3a.5.5 0 01.5-.5H5L18 6.5h2V16h-2l-3.854-.815.026.008a3.75 3.75 0 01-7.31-1.549zm1.477.313a2.251 2.251 0 004.356.921l-4.356-.921zm-2.84-3.28L18.157 8h.343v6.5h-.343L5.5 11.823v-1.146z\" clip-rule=\"evenodd\"><\/path><\/svg><\/a><\/div>\n\n\n\n<h2 class=\"wp-block-heading has-base-color has-text-color has-link-color wp-elements-c143d777cf4cac2323b08586b5284471\" style=\"padding-top:0;padding-bottom:var(--wp--preset--spacing--10);padding-left:var(--wp--preset--spacing--10)\"><a href=\"https:\/\/jugendverein-herrieden.de\/?page_id=1615\" data-type=\"page\" data-id=\"1615\">NEWS &amp;<br>UPDATES.<\/a><\/h2>\n<\/div>\n<\/div>\n\n\n\n<div class=\"wp-block-column jvh-grid-box has-border-color has-contrast-2-border-color has-contrast-background-color has-background is-layout-flow wp-block-column-is-layout-flow\" style=\"border-width:5px\">\n<div class=\"wp-block-group has-global-padding is-layout-constrained wp-block-group-is-layout-constrained\">\n<div class=\"wp-block-outermost-icon-block items-justified-left\"><a class=\"icon-container has-icon-color has-base-2-color\" href=\"https:\/\/jugendverein-herrieden.de\/?page_id=1617\" style=\"color:#e66b27;width:48px;padding-top:var(--wp--preset--spacing--10);padding-bottom:var(--wp--preset--spacing--10);transform:rotate(0deg) scaleX(1) scaleY(1)\"><svg viewBox=\"0 0 24 24\" xmlns=\"http:\/\/www.w3.org\/2000\/svg\" aria-hidden=\"true\"><path d=\"M19 3H5c-1.1 0-2 .9-2 2v14c0 1.1.9 2 2 2h14c1.1 0 2-.9 2-2V5c0-1.1-.9-2-2-2zm.5 16c0 .3-.2.5-.5.5H5c-.3 0-.5-.2-.5-.5V7h15v12zM9 10H7v2h2v-2zm0 4H7v2h2v-2zm4-4h-2v2h2v-2zm4 0h-2v2h2v-2zm-4 4h-2v2h2v-2zm4 0h-2v2h2v-2z\"><\/path><\/svg><\/a><\/div>\n\n\n\n<h2 class=\"wp-block-heading has-contrast-2-color has-text-color has-link-color wp-elements-bc67d0ee80877bd8df441b805d25f272\" style=\"border-style:none;border-width:0px;margin-right:0;margin-left:0;padding-right:var(--wp--preset--spacing--10);padding-left:var(--wp--preset--spacing--10)\"><a href=\"https:\/\/jugendverein-herrieden.de\/?page_id=1617\" data-type=\"page\" data-id=\"1617\">EVENTS.<\/a><\/h2>\n\n\n\n<p><\/p>\n<\/div>\n<\/div>\n\n\n\n<div class=\"wp-block-column jvh-grid-box is-dark has-base-background-color has-background is-layout-flow wp-block-column-is-layout-flow\" style=\"border-top-color:var(--wp--preset--color--contrast-2);border-top-width:5px;border-right-color:var(--wp--preset--color--contrast-2);border-right-width:5px;border-bottom-color:var(--wp--preset--color--contrast-2);border-bottom-width:5px;border-left-style:none;border-left-width:0px\">\n<div class=\"wp-block-group has-global-padding is-layout-constrained wp-block-group-is-layout-constrained\">\n<ul class=\"wp-block-social-links has-huge-icon-size has-icon-color is-style-logos-only is-content-justification-left is-layout-flex wp-container-core-social-links-is-layout-4c8b12e6 wp-block-social-links-is-layout-flex\" style=\"margin-top:var(--wp--preset--spacing--10);margin-bottom:var(--wp--preset--spacing--10)\"><li style=\"color:#e66b27;\" class=\"wp-social-link wp-social-link-instagram has-base-2-color wp-block-social-link\"><a href=\"https:\/\/www.instagram.com\/jugendvereinherrieden?igsh=Z3F0cWJ4cm1zcm91\" class=\"wp-block-social-link-anchor\"><svg width=\"24\" height=\"24\" viewBox=\"0 0 24 24\" version=\"1.1\" xmlns=\"http:\/\/www.w3.org\/2000\/svg\" aria-hidden=\"true\" focusable=\"false\"><path d=\"M12,4.622c2.403,0,2.688,0.009,3.637,0.052c0.877,0.04,1.354,0.187,1.671,0.31c0.42,0.163,0.72,0.358,1.035,0.673 c0.315,0.315,0.51,0.615,0.673,1.035c0.123,0.317,0.27,0.794,0.31,1.671c0.043,0.949,0.052,1.234,0.052,3.637 s-0.009,2.688-0.052,3.637c-0.04,0.877-0.187,1.354-0.31,1.671c-0.163,0.42-0.358,0.72-0.673,1.035 c-0.315,0.315-0.615,0.51-1.035,0.673c-0.317,0.123-0.794,0.27-1.671,0.31c-0.949,0.043-1.233,0.052-3.637,0.052 s-2.688-0.009-3.637-0.052c-0.877-0.04-1.354-0.187-1.671-0.31c-0.42-0.163-0.72-0.358-1.035-0.673 c-0.315-0.315-0.51-0.615-0.673-1.035c-0.123-0.317-0.27-0.794-0.31-1.671C4.631,14.688,4.622,14.403,4.622,12 s0.009-2.688,0.052-3.637c0.04-0.877,0.187-1.354,0.31-1.671c0.163-0.42,0.358-0.72,0.673-1.035 c0.315-0.315,0.615-0.51,1.035-0.673c0.317-0.123,0.794-0.27,1.671-0.31C9.312,4.631,9.597,4.622,12,4.622 M12,3 C9.556,3,9.249,3.01,8.289,3.054C7.331,3.098,6.677,3.25,6.105,3.472C5.513,3.702,5.011,4.01,4.511,4.511 c-0.5,0.5-0.808,1.002-1.038,1.594C3.25,6.677,3.098,7.331,3.054,8.289C3.01,9.249,3,9.556,3,12c0,2.444,0.01,2.751,0.054,3.711 c0.044,0.958,0.196,1.612,0.418,2.185c0.23,0.592,0.538,1.094,1.038,1.594c0.5,0.5,1.002,0.808,1.594,1.038 c0.572,0.222,1.227,0.375,2.185,0.418C9.249,20.99,9.556,21,12,21s2.751-0.01,3.711-0.054c0.958-0.044,1.612-0.196,2.185-0.418 c0.592-0.23,1.094-0.538,1.594-1.038c0.5-0.5,0.808-1.002,1.038-1.594c0.222-0.572,0.375-1.227,0.418-2.185 C20.99,14.751,21,14.444,21,12s-0.01-2.751-0.054-3.711c-0.044-0.958-0.196-1.612-0.418-2.185c-0.23-0.592-0.538-1.094-1.038-1.594 c-0.5-0.5-1.002-0.808-1.594-1.038c-0.572-0.222-1.227-0.375-2.185-0.418C14.751,3.01,14.444,3,12,3L12,3z M12,7.378 c-2.552,0-4.622,2.069-4.622,4.622S9.448,16.622,12,16.622s4.622-2.069,4.622-4.622S14.552,7.378,12,7.378z M12,15 c-1.657,0-3-1.343-3-3s1.343-3,3-3s3,1.343,3,3S13.657,15,12,15z M16.804,6.116c-0.596,0-1.08,0.484-1.08,1.08 s0.484,1.08,1.08,1.08c0.596,0,1.08-0.484,1.08-1.08S17.401,6.116,16.804,6.116z\"><\/path><\/svg><span class=\"wp-block-social-link-label screen-reader-text\">Instagram<\/span><\/a><\/li><\/ul>\n\n\n\n<h2 class=\"wp-block-heading has-base-2-color has-text-color has-link-color wp-elements-e0f738d2f40930bdbb777baf449e4177\" style=\"margin-right:0;margin-left:0;padding-right:var(--wp--preset--spacing--10);padding-left:var(--wp--preset--spacing--10)\"><a href=\"https:\/\/www.instagram.com\/jugendvereinherrieden?igsh=Z3F0cWJ4cm1zcm91\">INSTA FEED.<\/a><\/h2>\n\n\n\n<p><\/p>\n<\/div>\n<\/div>\n<\/div>\n\n\n\n<div class=\"wp-block-columns alignfull is-layout-flex wp-container-core-columns-is-layout-28f84493 wp-block-columns-is-layout-flex\">\n<div class=\"wp-block-column is-layout-flow wp-block-column-is-layout-flow\" style=\"border-right-color:var(--wp--preset--color--contrast-2);border-right-width:5px;border-bottom-color:var(--wp--preset--color--contrast-2);border-bottom-width:5px;border-left-color:var(--wp--preset--color--contrast-2);border-left-width:5px\">\n<h2 class=\"wp-block-heading has-text-align-center\" style=\"padding-top:var(--wp--preset--spacing--30);padding-right:var(--wp--preset--spacing--20);padding-bottom:var(--wp--preset--spacing--30);padding-left:var(--wp--preset--spacing--20);font-size:clamp(32.969px, 2.061rem + ((1vw - 3.2px) * 2.712), 59px);\">GEMEINSAM<br>F\u00dcR HERRIEDEN.<\/h2>\n\n\n\n<p class=\"has-text-align-center has-body-font-family\" style=\"padding-top:0;padding-right:var(--wp--preset--spacing--50);padding-bottom:var(--wp--preset--spacing--30);padding-left:var(--wp--preset--spacing--50);font-size:clamp(18.434px, 1.152rem + ((1vw - 3.2px) * 1.101), 29px);\"><strong>Wir f\u00f6rdern Projekte, organisieren Events und geben der Jugend eine Stimme im Stadtrat.<\/strong><br><strong>Ohne BlaBla, direkt f\u00fcr euch.<\/strong><\/p>\n<\/div>\n<\/div>\n\n\n\n<p><\/p>\n","protected":false},"excerpt":{"rendered":"<p>STARKF\u00dcRDIEJUGEND. Wir sind der Storch in der Stadt. Modern, lautund bereit f\u00fcr neue Ideen in Herrieden. NEWS &amp;UPDATES. EVENTS. INSTA FEED. GEMEINSAMF\u00dcR HERRIEDEN. Wir f\u00f6rdern Projekte, organisieren Events und geben [&hellip;]<\/p>\n","protected":false},"author":1,"featured_media":0,"parent":0,"menu_order":0,"comment_status":"closed","ping_status":"closed","template":"","meta":{"_price":"","_stock":"","_tribe_ticket_header":"","_tribe_default_ticket_provider":"","_tribe_ticket_capacity":"0","_ticket_start_date":"","_ticket_end_date":"","_tribe_ticket_show_description":"","_tribe_ticket_show_not_going":false,"_tribe_ticket_use_global_stock":"","_tribe_ticket_global_stock_level":"","_global_stock_mode":"","_global_stock_cap":"","_tribe_rsvp_for_event":"","_tribe_ticket_going_count":"","_tribe_ticket_not_going_count":"","_tribe_tickets_list":"[]","_tribe_ticket_has_attendee_info_fields":false,"_EventAllDay":false,"_EventTimezone":"","_EventStartDate":"","_EventEndDate":"","_EventStartDateUTC":"","_EventEndDateUTC":"","_EventShowMap":false,"_EventShowMapLink":false,"_EventURL":"","_EventCost":"","_EventCostDescription":"","_EventCurrencySymbol":"","_EventCurrencyCode":"","_EventCurrencyPosition":"","_EventDateTimeSeparator":"","_EventTimeRangeSeparator":"","_EventOrganizerID":[],"_EventVenueID":[],"_OrganizerEmail":"","_OrganizerPhone":"","_OrganizerWebsite":"","_VenueAddress":"","_VenueCity":"","_VenueCountry":"","_VenueProvince":"","_VenueState":"","_VenueZip":"","_VenuePhone":"","_VenueURL":"","_VenueStateProvince":"","_VenueLat":"","_VenueLng":"","_VenueShowMap":false,"_VenueShowMapLink":false,"footnotes":"","_tec_slr_enabled":"","_tec_slr_layout":""},"class_list":["post-1476","page","type-page","status-publish","hentry"],"ticketed":false,"_links":{"self":[{"href":"https:\/\/jugendverein-herrieden.de\/index.php?rest_route=\/wp\/v2\/pages\/1476","targetHints":{"allow":["GET"]}}],"collection":[{"href":"https:\/\/jugendverein-herrieden.de\/index.php?rest_route=\/wp\/v2\/pages"}],"about":[{"href":"https:\/\/jugendverein-herrieden.de\/index.php?rest_route=\/wp\/v2\/types\/page"}],"author":[{"embeddable":true,"href":"https:\/\/jugendverein-herrieden.de\/index.php?rest_route=\/wp\/v2\/users\/1"}],"replies":[{"embeddable":true,"href":"https:\/\/jugendverein-herrieden.de\/index.php?rest_route=%2Fwp%2Fv2%2Fcomments&post=1476"}],"version-history":[{"count":0,"href":"https:\/\/jugendverein-herrieden.de\/index.php?rest_route=\/wp\/v2\/pages\/1476\/revisions"}],"wp:attachment":[{"href":"https:\/\/jugendverein-herrieden.de\/index.php?rest_route=%2Fwp%2Fv2%2Fmedia&parent=1476"}],"curies":[{"name":"wp","href":"https:\/\/api.w.org\/{rel}","templated":true}]}}